{"id":266,"date":"2021-05-05T10:15:27","date_gmt":"2021-05-05T08:15:27","guid":{"rendered":"http:\/\/koloip.pk.edu.pl\/?page_id=266"},"modified":"2025-10-22T09:28:18","modified_gmt":"2025-10-22T07:28:18","slug":"zarzad","status":"publish","type":"page","link":"https:\/\/koloip.pk.edu.pl\/?page_id=266","title":{"rendered":"Zarz\u0105d"},"content":{"rendered":"\n<h4 class=\"wp-block-heading\"><strong>W Zarz\u0105dzie Ko\u0142a In\u017cynierii Produkcji zasiadaj\u0105:<\/strong><\/h4>\n\n\n\n<p><strong>Przewodnicz\u0105ca: Paulina Kasprzyk<\/strong><\/p>\n\n\n\n<p><strong>Zast\u0119pca Przewodnicz\u0105cej: Patrycja Janus<\/strong><\/p>\n\n\n\n<p><strong>Sekretarz: Filip Koba<\/strong><\/p>\n\n\n\n<p><strong>Cz\u0142onek zarz\u0105du I: Jakub M\u0142ynarczyk<\/strong><\/p>\n\n\n\n<p><strong>Opiekunem naukowym ko\u0142a IP jest dr in\u017c. Sabina Motyka<\/strong><\/p>\n\n\n\n<p><\/p>\n\n\n\n<p><a href=\"mailto:zarzadkolaip@gmail.com\">zarzadkolaip@gmail.com<\/a><\/p>\n","protected":false},"excerpt":{"rendered":"<p>W Zarz\u0105dzie Ko\u0142a In\u017cynierii Produkcji zasiadaj\u0105: Przewodnicz\u0105ca: Paulina Kasprzyk Zast\u0119pca Przewodnicz\u0105cej: Patrycja Janus Sekretarz: Filip Koba Cz\u0142onek zarz\u0105du I: Jakub M\u0142ynarczyk Opiekunem naukowym ko\u0142a IP jest dr in\u017c. Sabina Motyka zarzadkolaip@gmail.com<\/p>\n","protected":false},"author":1,"featured_media":0,"parent":0,"menu_order":0,"comment_status":"closed","ping_status":"closed","template":"","meta":{"neve_meta_sidebar":"","neve_meta_container":"","neve_meta_enable_content_width":"","neve_meta_content_width":0,"neve_meta_title_alignment":"","neve_meta_author_avatar":"","neve_post_elements_order":"","neve_meta_disable_header":"","neve_meta_disable_footer":"","neve_meta_disable_title":"","_themeisle_gutenberg_block_has_review":false,"footnotes":""},"class_list":["post-266","page","type-page","status-publish","hentry"],"_links":{"self":[{"href":"https:\/\/koloip.pk.edu.pl\/index.php?rest_route=\/wp\/v2\/pages\/266","targetHints":{"allow":["GET"]}}],"collection":[{"href":"https:\/\/koloip.pk.edu.pl\/index.php?rest_route=\/wp\/v2\/pages"}],"about":[{"href":"https:\/\/koloip.pk.edu.pl\/index.php?rest_route=\/wp\/v2\/types\/page"}],"author":[{"embeddable":true,"href":"https:\/\/koloip.pk.edu.pl\/index.php?rest_route=\/wp\/v2\/users\/1"}],"replies":[{"embeddable":true,"href":"https:\/\/koloip.pk.edu.pl\/index.php?rest_route=%2Fwp%2Fv2%2Fcomments&post=266"}],"version-history":[{"count":0,"href":"https:\/\/koloip.pk.edu.pl\/index.php?rest_route=\/wp\/v2\/pages\/266\/revisions"}],"wp:attachment":[{"href":"https:\/\/koloip.pk.edu.pl\/index.php?rest_route=%2Fwp%2Fv2%2Fmedia&parent=266"}],"curies":[{"name":"wp","href":"https:\/\/api.w.org\/{rel}","templated":true}]}}