{"id":268,"date":"2021-05-05T10:28:08","date_gmt":"2021-05-05T08:28:08","guid":{"rendered":"http:\/\/koloip.pk.edu.pl\/?page_id=268"},"modified":"2025-07-04T07:46:16","modified_gmt":"2025-07-04T05:46:16","slug":"opiekunowie","status":"publish","type":"page","link":"https:\/\/koloip.pk.edu.pl\/?page_id=268","title":{"rendered":"Opiekunowie"},"content":{"rendered":"\n<div style=\"height:50px\" aria-hidden=\"true\" class=\"wp-block-spacer\"><\/div>\n\n\n\n<h3 class=\"wp-block-heading\"><strong>Opiekun sekcji <\/strong><br>IN\u017bYNIERIA WYTWARZANIA<strong>:<\/strong><\/h3>\n\n\n\n<p><\/p>\n\n\n\n<h4 class=\"wp-block-heading\">dr in\u017c. Emilia Franczyk<br>pok\u00f3j A 415<br>tel. 012\u00a0374 32 12<br>e-mail:\u00a0<a href=\"mailto:marcin.grabowski@pk.edu.pl\"><a href=\"mailto:emilia.franczyk@pk.edu.pl\">emilia.franczyk@pk.edu.pl<\/a><\/a><\/h4>\n\n\n\n<div style=\"height:50px\" aria-hidden=\"true\" class=\"wp-block-spacer\"><\/div>\n\n\n\n<h3 class=\"wp-block-heading\"><strong>Opiekun sekcji <\/strong><br><strong>ZARZ\u0104DZANIE INNOWACJAMI I SYSTEMY JAKO\u015aCI:<\/strong><\/h3>\n\n\n\n<h4 class=\"wp-block-heading\">dr in\u017c. Sabina Motyka<br>pok\u00f3j C205a<br>tel. 012&nbsp;374 32 68<br>e-mail:&nbsp;<a href=\"mailto:sabina.motyka@pk.edu.pl\">sabina.motyka@pk.edu.pl<\/a><\/h4>\n","protected":false},"excerpt":{"rendered":"<p>Opiekun sekcji IN\u017bYNIERIA WYTWARZANIA: dr in\u017c. Emilia Franczykpok\u00f3j A 415tel. 012\u00a0374 32 12e-mail:\u00a0emilia.franczyk@pk.edu.pl Opiekun sekcji ZARZ\u0104DZANIE INNOWACJAMI I SYSTEMY JAKO\u015aCI: dr in\u017c. Sabina Motykapok\u00f3j C205atel. 012&nbsp;374 32 68e-mail:&nbsp;sabina.motyka@pk.edu.pl<\/p>\n","protected":false},"author":1,"featured_media":0,"parent":0,"menu_order":0,"comment_status":"closed","ping_status":"closed","template":"","meta":{"neve_meta_sidebar":"","neve_meta_container":"","neve_meta_enable_content_width":"","neve_meta_content_width":0,"neve_meta_title_alignment":"","neve_meta_author_avatar":"","neve_post_elements_order":"","neve_meta_disable_header":"","neve_meta_disable_footer":"","neve_meta_disable_title":"","_themeisle_gutenberg_block_has_review":false,"footnotes":""},"class_list":["post-268","page","type-page","status-publish","hentry"],"_links":{"self":[{"href":"https:\/\/koloip.pk.edu.pl\/index.php?rest_route=\/wp\/v2\/pages\/268","targetHints":{"allow":["GET"]}}],"collection":[{"href":"https:\/\/koloip.pk.edu.pl\/index.php?rest_route=\/wp\/v2\/pages"}],"about":[{"href":"https:\/\/koloip.pk.edu.pl\/index.php?rest_route=\/wp\/v2\/types\/page"}],"author":[{"embeddable":true,"href":"https:\/\/koloip.pk.edu.pl\/index.php?rest_route=\/wp\/v2\/users\/1"}],"replies":[{"embeddable":true,"href":"https:\/\/koloip.pk.edu.pl\/index.php?rest_route=%2Fwp%2Fv2%2Fcomments&post=268"}],"version-history":[{"count":0,"href":"https:\/\/koloip.pk.edu.pl\/index.php?rest_route=\/wp\/v2\/pages\/268\/revisions"}],"wp:attachment":[{"href":"https:\/\/koloip.pk.edu.pl\/index.php?rest_route=%2Fwp%2Fv2%2Fmedia&parent=268"}],"curies":[{"name":"wp","href":"https:\/\/api.w.org\/{rel}","templated":true}]}}