{"id":270,"date":"2021-05-05T10:29:24","date_gmt":"2021-05-05T08:29:24","guid":{"rendered":"http:\/\/koloip.pk.edu.pl\/?page_id=270"},"modified":"2024-05-09T08:11:37","modified_gmt":"2024-05-09T06:11:37","slug":"nasze-projekty","status":"publish","type":"page","link":"https:\/\/koloip.pk.edu.pl\/?page_id=270","title":{"rendered":"Nasze projekty"},"content":{"rendered":"\n<h3 class=\"wp-block-heading\"><strong>Sekcja Zarz\u0105dzanie Innowacjami i Systemy Jako\u015bci:<\/strong><\/h3>\n\n\n\n<h2 class=\"wp-block-heading has-text-align-center\"><strong>2021 r:<\/strong><\/h2>\n\n\n\n<h4 class=\"wp-block-heading\"><u><strong>Hubert Laskowicz:<\/strong><\/u><\/h4>\n\n\n\n<ul class=\"wp-block-list\">\n<li><strong>ZASTOSOWANIE FILOZOFII KAIZEN W PRZEDSI\u0118BIORSTWIE PRODUKCYJNYM  <\/strong><\/li>\n<\/ul>\n\n\n\n<div data-wp-interactive=\"core\/file\" class=\"wp-block-file\"><object data-wp-bind--hidden=\"!state.hasPdfPreview\" hidden class=\"wp-block-file__embed\" data=\"https:\/\/koloip.pk.edu.pl\/wp-content\/uploads\/2022\/10\/15_Laskowicz_H.-Motyka-S_-KAIZEN-1.pdf\" type=\"application\/pdf\" style=\"width:100%;height:800px\" aria-label=\"Osadzone z &lt;strong&gt;ZASTOSOWANIE FILOZOFII KAIZEN W PRZEDSI\u0118BIORSTWIE PRODUKCYJNYM&lt;\/strong&gt;.\"><\/object><a id=\"wp-block-file--media-73a7e346-7e67-4833-bf68-e0a438b64426\" href=\"https:\/\/koloip.pk.edu.pl\/wp-content\/uploads\/2022\/10\/15_Laskowicz_H.-Motyka-S_-KAIZEN-1.pdf\" target=\"_blank\" rel=\"noreferrer noopener\"><strong>ZASTOSOWANIE FILOZOFII KAIZEN W PRZEDSI\u0118BIORSTWIE PRODUKCYJNYM<\/strong><\/a><a href=\"https:\/\/koloip.pk.edu.pl\/wp-content\/uploads\/2022\/10\/15_Laskowicz_H.-Motyka-S_-KAIZEN-1.pdf\" class=\"wp-block-file__button wp-element-button\" download aria-describedby=\"wp-block-file--media-73a7e346-7e67-4833-bf68-e0a438b64426\">Pobierz<\/a><\/div>\n\n\n\n<ul class=\"wp-block-list\">\n<li>Publikacja pt.: <strong>Kaizen jako narz\u0119dzie doskonalenia organizacji, str. <\/strong>161-174; <a href=\"https:\/\/bc.wydawnictwo-tygiel.pl\/publikacja\/79B06B4C-A164-876B-C254-333A49029E4D\">Biblioteka Cyfrowa | Wydawnictwo TYGIEL (wydawnictwo-tygiel.pl)<\/a><\/li>\n<\/ul>\n\n\n\n<h2 class=\"wp-block-heading has-text-align-center\"><strong>2022 r.<\/strong><\/h2>\n\n\n\n<h4 class=\"wp-block-heading\"><strong><u>Martyna Jagielska:<\/u><\/strong><\/h4>\n\n\n\n<ul class=\"wp-block-list\">\n<li>Publikacja pt.: <strong>Kreowanie i rozw\u00f3j innowacyjnej marki na przyk\u0142adzie JAGIELSKA.DESIGN, str. <\/strong>264-275; <a href=\"https:\/\/bc.wydawnictwo-tygiel.pl\/publikacja\/734FCB09-CBAB-700A-6F64-DEA6D06A5E32\">Biblioteka Cyfrowa | Wydawnictwo TYGIEL (wydawnictwo-tygiel.pl)<\/a><\/li>\n<\/ul>\n\n\n\n<h4 class=\"wp-block-heading\"><strong><u>Monika Koczwara:<\/u><\/strong><\/h4>\n\n\n\n<ul class=\"wp-block-list\">\n<li><strong>OCENA JAKO\u015aCI US\u0141UG NA PRZYK\u0141ADZIE PRZEDSI\u0118BIORSTWA \u015aWIADCZ\u0104CEGO US\u0141UGI INFORMATYCZNE<\/strong> <\/li>\n<\/ul>\n\n\n\n<div data-wp-interactive=\"core\/file\" class=\"wp-block-file\"><object data-wp-bind--hidden=\"!state.hasPdfPreview\" hidden class=\"wp-block-file__embed\" data=\"https:\/\/koloip.pk.edu.pl\/wp-content\/uploads\/2022\/10\/p.17_Koczwara_M-Ocena-jakosci-.pdf\" type=\"application\/pdf\" style=\"width:100%;height:600px\" aria-label=\"Osadzone z &lt;strong&gt;OCENA JAKO\u015aCI US\u0141UG NA PRZYK\u0141ADZIE PRZEDSI\u0118BIORSTWA \u015aWIADCZ\u0104CEGO US\u0141UGI INFORMATYCZNE&lt;\/strong&gt;.\"><\/object><a id=\"wp-block-file--media-ae3c4580-9212-4b29-8afa-142df13726ea\" href=\"https:\/\/koloip.pk.edu.pl\/wp-content\/uploads\/2022\/10\/p.17_Koczwara_M-Ocena-jakosci-.pdf\"><strong>OCENA JAKO\u015aCI US\u0141UG NA PRZYK\u0141ADZIE PRZEDSI\u0118BIORSTWA \u015aWIADCZ\u0104CEGO US\u0141UGI INFORMATYCZNE<\/strong><\/a><a href=\"https:\/\/koloip.pk.edu.pl\/wp-content\/uploads\/2022\/10\/p.17_Koczwara_M-Ocena-jakosci-.pdf\" class=\"wp-block-file__button wp-element-button\" download aria-describedby=\"wp-block-file--media-ae3c4580-9212-4b29-8afa-142df13726ea\">Pobierz<\/a><\/div>\n\n\n\n<p><\/p>\n\n\n\n<h2 class=\"wp-block-heading has-text-align-center\">2023 r.<\/h2>\n\n\n\n<h4 class=\"wp-block-heading\">Miko\u0142aj Moso\u0144, Albert Ryznar, Ewelina Jasz, Gabriela Szafra\u0144ska, Kacper Mrozik, Oliwia Mazurkiewicz, Dominika Krupa, Bartosz Pudlik:&nbsp;&nbsp;<\/h4>\n\n\n\n<p><strong>\u201eProjekt i wykonanie chwytaka hydraulicznego\u201d&nbsp;<\/strong><\/p>\n\n\n\n<div data-wp-interactive=\"core\/file\" class=\"wp-block-file\"><object data-wp-bind--hidden=\"!state.hasPdfPreview\" hidden class=\"wp-block-file__embed\" data=\"https:\/\/koloip.pk.edu.pl\/wp-content\/uploads\/2023\/05\/P_11_Jasz_Krupa_Mazurkiewicz_Moson_Mrozik_Pudlik_Ryznar_Szafranska.pdf\" type=\"application\/pdf\" style=\"width:100%;height:600px\" aria-label=\"Osadzone z P_11_Jasz_Krupa_Mazurkiewicz_Moson_Mrozik_Pudlik_Ryznar_Szafranska.\"><\/object><a id=\"wp-block-file--media-c6bf1c8a-188e-43a6-9e9e-0eb932abb540\" href=\"https:\/\/koloip.pk.edu.pl\/wp-content\/uploads\/2023\/05\/P_11_Jasz_Krupa_Mazurkiewicz_Moson_Mrozik_Pudlik_Ryznar_Szafranska.pdf\">P_11_Jasz_Krupa_Mazurkiewicz_Moson_Mrozik_Pudlik_Ryznar_Szafranska<\/a><a href=\"https:\/\/koloip.pk.edu.pl\/wp-content\/uploads\/2023\/05\/P_11_Jasz_Krupa_Mazurkiewicz_Moson_Mrozik_Pudlik_Ryznar_Szafranska.pdf\" class=\"wp-block-file__button wp-element-button\" download aria-describedby=\"wp-block-file--media-c6bf1c8a-188e-43a6-9e9e-0eb932abb540\">Pobierz<\/a><\/div>\n\n\n\n<p><\/p>\n\n\n\n<h4 class=\"wp-block-heading\">in\u017c. Martyna Jagielska&nbsp;<\/h4>\n\n\n\n<p><strong>\u201eRozw\u00f3j innowacyjnego produktu na przyk\u0142adzie marki JAGIELSKA.DESIGN\u201d<\/strong>&nbsp;<\/p>\n\n\n\n<div data-wp-interactive=\"core\/file\" class=\"wp-block-file\"><object data-wp-bind--hidden=\"!state.hasPdfPreview\" hidden class=\"wp-block-file__embed\" data=\"https:\/\/koloip.pk.edu.pl\/wp-content\/uploads\/2023\/05\/I_1_Martyna_Jagielska_WSSKN.pdf\" type=\"application\/pdf\" style=\"width:100%;height:600px\" aria-label=\"Osadzone z I_1_Martyna_Jagielska_WSSKN.\"><\/object><a id=\"wp-block-file--media-97ec8389-2179-4bb5-952e-1917a6332aaa\" href=\"https:\/\/koloip.pk.edu.pl\/wp-content\/uploads\/2023\/05\/I_1_Martyna_Jagielska_WSSKN.pdf\">I_1_Martyna_Jagielska_WSSKN<\/a><a href=\"https:\/\/koloip.pk.edu.pl\/wp-content\/uploads\/2023\/05\/I_1_Martyna_Jagielska_WSSKN.pdf\" class=\"wp-block-file__button wp-element-button\" download aria-describedby=\"wp-block-file--media-97ec8389-2179-4bb5-952e-1917a6332aaa\">Pobierz<\/a><\/div>\n\n\n\n<h4 class=\"wp-block-heading\">in\u017c. Natalia Korczak,&nbsp;Patrycja Kuca:<\/h4>\n\n\n\n<p>&nbsp;<strong>\u201eOpracowanie strategii marketingowej na przyk\u0142adzie producenta obuwia\u201d<\/strong><\/p>\n\n\n\n<div data-wp-interactive=\"core\/file\" class=\"wp-block-file\"><object data-wp-bind--hidden=\"!state.hasPdfPreview\" hidden class=\"wp-block-file__embed\" data=\"https:\/\/koloip.pk.edu.pl\/wp-content\/uploads\/2023\/05\/P_12_Korczak_Kuca_WSSKN.pdf\" type=\"application\/pdf\" style=\"width:100%;height:600px\" aria-label=\"Osadzone z P_12_Korczak_Kuca_WSSKN.\"><\/object><a id=\"wp-block-file--media-d525bcf5-0684-41ae-a5a2-aa0215222463\" href=\"https:\/\/koloip.pk.edu.pl\/wp-content\/uploads\/2023\/05\/P_12_Korczak_Kuca_WSSKN.pdf\">P_12_Korczak_Kuca_WSSKN<\/a><a href=\"https:\/\/koloip.pk.edu.pl\/wp-content\/uploads\/2023\/05\/P_12_Korczak_Kuca_WSSKN.pdf\" class=\"wp-block-file__button wp-element-button\" download aria-describedby=\"wp-block-file--media-d525bcf5-0684-41ae-a5a2-aa0215222463\">Pobierz<\/a><\/div>\n\n\n\n<h2 class=\"wp-block-heading has-text-align-center\">2024 r.<\/h2>\n\n\n\n<h4 class=\"wp-block-heading\">Weronika Krzysztofik, Dominika Nowak, \u0141ukasz Kata \u00a0<\/h4>\n\n\n\n<p><strong>BADANIE WP\u0141YWU MEDI\u00d3W SPO\u0141ECZNO\u015aCIOWYCH\u00a0ORAZ PODEJMOWANYCH DZIA\u0141A\u0143 NA ROZW\u00d3J\u00a0PK MECHPOWER\u00a0<\/strong><\/p>\n\n\n\n<div data-wp-interactive=\"core\/file\" class=\"wp-block-file\"><object data-wp-bind--hidden=\"!state.hasPdfPreview\" hidden class=\"wp-block-file__embed\" data=\"https:\/\/koloip.pk.edu.pl\/wp-content\/uploads\/2024\/05\/S_WM_B8_Krzysztofik_Nowak_Kata.pdf\" type=\"application\/pdf\" style=\"width:100%;height:600px\" aria-label=\"Osadzone z S_WM_B8_Krzysztofik_Nowak_Kata.\"><\/object><a id=\"wp-block-file--media-f67a59e0-4ddd-4db3-9536-a4a6df1d434d\" href=\"https:\/\/koloip.pk.edu.pl\/wp-content\/uploads\/2024\/05\/S_WM_B8_Krzysztofik_Nowak_Kata.pdf\">S_WM_B8_Krzysztofik_Nowak_Kata<\/a><a href=\"https:\/\/koloip.pk.edu.pl\/wp-content\/uploads\/2024\/05\/S_WM_B8_Krzysztofik_Nowak_Kata.pdf\" class=\"wp-block-file__button wp-element-button\" download aria-describedby=\"wp-block-file--media-f67a59e0-4ddd-4db3-9536-a4a6df1d434d\">Pobierz<\/a><\/div>\n","protected":false},"excerpt":{"rendered":"<p>Sekcja Zarz\u0105dzanie Innowacjami i Systemy Jako\u015bci: 2021 r: Hubert Laskowicz: 2022 r. Martyna Jagielska: Monika Koczwara: 2023 r. Miko\u0142aj Moso\u0144, Albert Ryznar, Ewelina Jasz, Gabriela Szafra\u0144ska, Kacper Mrozik, Oliwia Mazurkiewicz, Dominika Krupa, Bartosz Pudlik:&nbsp;&nbsp; \u201eProjekt i wykonanie chwytaka hydraulicznego\u201d&nbsp; in\u017c. Martyna Jagielska&nbsp; \u201eRozw\u00f3j innowacyjnego produktu na przyk\u0142adzie marki JAGIELSKA.DESIGN\u201d&nbsp; in\u017c. Natalia Korczak,&nbsp;Patrycja Kuca: &nbsp;\u201eOpracowanie strategii&hellip;&nbsp;<a href=\"https:\/\/koloip.pk.edu.pl\/?page_id=270\" rel=\"bookmark\">Dowiedz si\u0119 wi\u0119cej &raquo;<span class=\"screen-reader-text\">Nasze projekty<\/span><\/a><\/p>\n","protected":false},"author":1,"featured_media":0,"parent":0,"menu_order":0,"comment_status":"closed","ping_status":"closed","template":"","meta":{"neve_meta_sidebar":"","neve_meta_container":"","neve_meta_enable_content_width":"","neve_meta_content_width":0,"neve_meta_title_alignment":"","neve_meta_author_avatar":"","neve_post_elements_order":"","neve_meta_disable_header":"","neve_meta_disable_footer":"","neve_meta_disable_title":"","_themeisle_gutenberg_block_has_review":false,"footnotes":""},"class_list":["post-270","page","type-page","status-publish","hentry"],"_links":{"self":[{"href":"https:\/\/koloip.pk.edu.pl\/index.php?rest_route=\/wp\/v2\/pages\/270","targetHints":{"allow":["GET"]}}],"collection":[{"href":"https:\/\/koloip.pk.edu.pl\/index.php?rest_route=\/wp\/v2\/pages"}],"about":[{"href":"https:\/\/koloip.pk.edu.pl\/index.php?rest_route=\/wp\/v2\/types\/page"}],"author":[{"embeddable":true,"href":"https:\/\/koloip.pk.edu.pl\/index.php?rest_route=\/wp\/v2\/users\/1"}],"replies":[{"embeddable":true,"href":"https:\/\/koloip.pk.edu.pl\/index.php?rest_route=%2Fwp%2Fv2%2Fcomments&post=270"}],"version-history":[{"count":0,"href":"https:\/\/koloip.pk.edu.pl\/index.php?rest_route=\/wp\/v2\/pages\/270\/revisions"}],"wp:attachment":[{"href":"https:\/\/koloip.pk.edu.pl\/index.php?rest_route=%2Fwp%2Fv2%2Fmedia&parent=270"}],"curies":[{"name":"wp","href":"https:\/\/api.w.org\/{rel}","templated":true}]}}