{"id":284,"date":"2021-05-05T11:35:17","date_gmt":"2021-05-05T09:35:17","guid":{"rendered":"http:\/\/koloip.pk.edu.pl\/?page_id=284"},"modified":"2021-05-13T12:46:30","modified_gmt":"2021-05-13T10:46:30","slug":"warto-zobaczyc","status":"publish","type":"page","link":"https:\/\/koloip.pk.edu.pl\/?page_id=284","title":{"rendered":"Warto zobaczy\u0107"},"content":{"rendered":"\n<p>Ciekawe linki:<\/p>\n\n\n\n<p><a href=\"https:\/\/www.facebook.com\/Sekcja-zarz%C4%85dzania-innowacjami-i-system%C3%B3w-jako%C5%9Bci-101549768421098\" target=\"_blank\" rel=\"noreferrer noopener\">Fanpage sekcji Zarz\u0105dzanie Innowacjami i Systemy Jako\u015bci<\/a><\/p>\n\n\n\n<p><a href=\"http:\/\/aip.pk.edu.pl\/\">Akademicki Inkubator Przedsi\u0119biorczo\u015bci<\/a><\/p>\n\n\n\n<p><a href=\"https:\/\/www.cj.pk.edu.pl\/\">Centrum Szkolenia i Organizacji System\u00f3w Jako\u015bci<\/a><\/p>\n\n\n\n<p><a href=\"https:\/\/www.transfer.edu.pl\/\">Centrum Transferu Technologii PK<\/a><\/p>\n\n\n\n<p><a href=\"https:\/\/www.parp.gov.pl\/\">Polska Agencja Rozwoju Przedsi\u0119biorczo\u015bci<\/a><\/p>\n\n\n\n<p><a href=\"https:\/\/uprp.gov.pl\/\">Urz\u0105d Patentowy RP<\/a><\/p>\n","protected":false},"excerpt":{"rendered":"<p>Ciekawe linki: Fanpage sekcji Zarz\u0105dzanie Innowacjami i Systemy Jako\u015bci Akademicki Inkubator Przedsi\u0119biorczo\u015bci Centrum Szkolenia i Organizacji System\u00f3w Jako\u015bci Centrum Transferu Technologii PK Polska Agencja Rozwoju Przedsi\u0119biorczo\u015bci Urz\u0105d Patentowy RP<\/p>\n","protected":false},"author":1,"featured_media":0,"parent":0,"menu_order":0,"comment_status":"closed","ping_status":"closed","template":"","meta":{"neve_meta_sidebar":"","neve_meta_container":"","neve_meta_enable_content_width":"","neve_meta_content_width":0,"neve_meta_title_alignment":"","neve_meta_author_avatar":"","neve_post_elements_order":"","neve_meta_disable_header":"","neve_meta_disable_footer":"","neve_meta_disable_title":"","_themeisle_gutenberg_block_has_review":false,"footnotes":""},"class_list":["post-284","page","type-page","status-publish","hentry"],"_links":{"self":[{"href":"https:\/\/koloip.pk.edu.pl\/index.php?rest_route=\/wp\/v2\/pages\/284","targetHints":{"allow":["GET"]}}],"collection":[{"href":"https:\/\/koloip.pk.edu.pl\/index.php?rest_route=\/wp\/v2\/pages"}],"about":[{"href":"https:\/\/koloip.pk.edu.pl\/index.php?rest_route=\/wp\/v2\/types\/page"}],"author":[{"embeddable":true,"href":"https:\/\/koloip.pk.edu.pl\/index.php?rest_route=\/wp\/v2\/users\/1"}],"replies":[{"embeddable":true,"href":"https:\/\/koloip.pk.edu.pl\/index.php?rest_route=%2Fwp%2Fv2%2Fcomments&post=284"}],"version-history":[{"count":0,"href":"https:\/\/koloip.pk.edu.pl\/index.php?rest_route=\/wp\/v2\/pages\/284\/revisions"}],"wp:attachment":[{"href":"https:\/\/koloip.pk.edu.pl\/index.php?rest_route=%2Fwp%2Fv2%2Fmedia&parent=284"}],"curies":[{"name":"wp","href":"https:\/\/api.w.org\/{rel}","templated":true}]}}