{"id":732,"date":"2024-02-19T12:02:48","date_gmt":"2024-02-19T11:02:48","guid":{"rendered":"https:\/\/koloip.pk.edu.pl\/?page_id=732"},"modified":"2024-02-19T12:02:48","modified_gmt":"2024-02-19T11:02:48","slug":"inzynieria-wytwarzania","status":"publish","type":"page","link":"https:\/\/koloip.pk.edu.pl\/?page_id=732","title":{"rendered":"In\u017cynieria Wytwarzania"},"content":{"rendered":"\n<p>Sekcja <strong>In\u017cynieria Wytwarzania<\/strong> jest wynikiem po\u0142\u0105czenia trzech wcze\u015bniejszych sekcji: <strong>Systemy CAD\/CAM<\/strong>, <strong>Druk 3D<\/strong> oraz <strong>Obr\u00f3bka i Obrabiarki CNC<\/strong>. <\/p>\n\n\n\n<p>G\u0142\u00f3wnym celem sekcji jest rozwijanie wiedzy i umiej\u0119tno\u015bci z zakresu in\u017cynierii wytwarzania, uwzgl\u0119dniaj\u0105c r\u00f3\u017cne aspekty in\u017cynierii produkcji. Sekcja skupia ambitnych student\u00f3w z pasj\u0105 do projektowania, modelowania, obr\u00f3bki oraz druku 3D, a jej dzia\u0142alno\u015b\u0107 obejmuje nast\u0119puj\u0105ce obszary:<\/p>\n\n\n\n<ol class=\"wp-block-list\" start=\"1\">\n<li><strong>Komputerowe wspomaganie projektowania i wytwarzania (CAD\/CAM):<\/strong>\n<ul class=\"wp-block-list\">\n<li>Pog\u0142\u0119bianie wiedzy i doskonalenie umiej\u0119tno\u015bci w dziedzinie projektowania i wytwarzania cz\u0119\u015bci maszyn i urz\u0105dze\u0144 przy u\u017cyciu nowoczesnych program\u00f3w in\u017cynierskich.<\/li>\n\n\n\n<li>Modelowanie cz\u0119\u015bci maszyn i urz\u0105dze\u0144 z uwzgl\u0119dnieniem technologii ich produkcji.<\/li>\n\n\n\n<li>Wsp\u00f3\u0142praca z firm\u0105 Siemens NX w celu promowania standard\u00f3w rozwoju system\u00f3w CAD\/CAM\/CAE.<\/li>\n\n\n\n<li>Publikowanie artyku\u0142\u00f3w w ramach Uczelnianej Sesji K\u00f3\u0142 Naukowych.<\/li>\n\n\n\n<li>Rozpowszechnianie wiedzy na temat nowoczesnych system\u00f3w CAD\/CAM.<\/li>\n\n\n\n<li>Wsp\u00f3\u0142praca z innymi ko\u0142ami studenckimi.<\/li>\n\n\n\n<li>Realizacja projekt\u00f3w badawczych i rozwojowych.<\/li>\n<\/ul>\n<\/li>\n\n\n\n<li><strong>Druk 3D:<\/strong>\n<ul class=\"wp-block-list\">\n<li>Badanie i zastosowanie przyrostowych metod wytwarzania w r\u00f3\u017cnych dziedzinach \u017cycia codziennego.<\/li>\n\n\n\n<li>Opracowywanie projekt\u00f3w z wykorzystaniem trzech system\u00f3w drukowania 3D: Form3, Lisa (selektywne spiekanie laserowe) oraz Ubot 3DS+ z oprogramowaniem Simplify3D (osadzanie stopionego materia\u0142u).<\/li>\n<\/ul>\n<\/li>\n\n\n\n<li><strong>Obr\u00f3bka i Obrabiarki CNC:<\/strong>\n<ul class=\"wp-block-list\">\n<li>Programowanie obrabiarek CNC przy u\u017cyciu program\u00f3w CAD\/CAM\/CAE.<\/li>\n\n\n\n<li>Badanie technologii wytwarzania na obrabiarkach CNC.<\/li>\n\n\n\n<li>Konstrukcje i wykorzystanie nowoczesnych narz\u0119dzi obr\u00f3bkowych.<\/li>\n\n\n\n<li>Budowa i obs\u0142uga wieloosiowych obrabiarek CNC.<\/li>\n\n\n\n<li>Projektowanie i produkcja miniobrabiarek sterowanych numerycznie.<\/li>\n\n\n\n<li>Tworzenie uk\u0142ad\u00f3w sterowania obrabiarkami.<\/li>\n\n\n\n<li>Analiza obr\u00f3bki skrawaniem r\u00f3\u017cnych materia\u0142\u00f3w i monitorowanie trend\u00f3w rozwojowych w dziedzinie technik wytwarzania.<\/li>\n\n\n\n<li>Zastosowanie system\u00f3w wizyjnych, takich jak kamery szybkoklatkowe czy termowizyjne, do rejestracji i analizy proces\u00f3w obr\u00f3bki skrawaniem.<\/li>\n<\/ul>\n<\/li>\n<\/ol>\n\n\n\n<p>Nowa sekcja In\u017cynieria Wytwarzania integruje obszary in\u017cynierii produkcji &nbsp;umo\u017cliwiaj\u0105c studentom rozwijanie kompetencji z zakresu r\u00f3\u017cnych aspekt\u00f3w in\u017cynierii wytwarzania, promuj\u0105c interdyscyplinarn\u0105 wsp\u00f3\u0142prac\u0119 i rozwijanie nowoczesnych technologii produkcyjnych.<\/p>\n","protected":false},"excerpt":{"rendered":"<p>Sekcja In\u017cynieria Wytwarzania jest wynikiem po\u0142\u0105czenia trzech wcze\u015bniejszych sekcji: Systemy CAD\/CAM, Druk 3D oraz Obr\u00f3bka i Obrabiarki CNC. G\u0142\u00f3wnym celem sekcji jest rozwijanie wiedzy i umiej\u0119tno\u015bci z zakresu in\u017cynierii wytwarzania, uwzgl\u0119dniaj\u0105c r\u00f3\u017cne aspekty in\u017cynierii produkcji. Sekcja skupia ambitnych student\u00f3w z pasj\u0105 do projektowania, modelowania, obr\u00f3bki oraz druku 3D, a jej dzia\u0142alno\u015b\u0107 obejmuje nast\u0119puj\u0105ce obszary: Nowa&hellip;&nbsp;<a href=\"https:\/\/koloip.pk.edu.pl\/?page_id=732\" rel=\"bookmark\">Dowiedz si\u0119 wi\u0119cej &raquo;<span class=\"screen-reader-text\">In\u017cynieria Wytwarzania<\/span><\/a><\/p>\n","protected":false},"author":1,"featured_media":0,"parent":150,"menu_order":0,"comment_status":"closed","ping_status":"closed","template":"","meta":{"neve_meta_sidebar":"","neve_meta_container":"","neve_meta_enable_content_width":"","neve_meta_content_width":0,"neve_meta_title_alignment":"","neve_meta_author_avatar":"","neve_post_elements_order":"","neve_meta_disable_header":"","neve_meta_disable_footer":"","neve_meta_disable_title":"","_themeisle_gutenberg_block_has_review":false,"footnotes":""},"class_list":["post-732","page","type-page","status-publish","hentry"],"_links":{"self":[{"href":"https:\/\/koloip.pk.edu.pl\/index.php?rest_route=\/wp\/v2\/pages\/732","targetHints":{"allow":["GET"]}}],"collection":[{"href":"https:\/\/koloip.pk.edu.pl\/index.php?rest_route=\/wp\/v2\/pages"}],"about":[{"href":"https:\/\/koloip.pk.edu.pl\/index.php?rest_route=\/wp\/v2\/types\/page"}],"author":[{"embeddable":true,"href":"https:\/\/koloip.pk.edu.pl\/index.php?rest_route=\/wp\/v2\/users\/1"}],"replies":[{"embeddable":true,"href":"https:\/\/koloip.pk.edu.pl\/index.php?rest_route=%2Fwp%2Fv2%2Fcomments&post=732"}],"version-history":[{"count":0,"href":"https:\/\/koloip.pk.edu.pl\/index.php?rest_route=\/wp\/v2\/pages\/732\/revisions"}],"up":[{"embeddable":true,"href":"https:\/\/koloip.pk.edu.pl\/index.php?rest_route=\/wp\/v2\/pages\/150"}],"wp:attachment":[{"href":"https:\/\/koloip.pk.edu.pl\/index.php?rest_route=%2Fwp%2Fv2%2Fmedia&parent=732"}],"curies":[{"name":"wp","href":"https:\/\/api.w.org\/{rel}","templated":true}]}}